{"id":30804,"date":"2022-08-25T07:58:10","date_gmt":"2022-08-25T05:58:10","guid":{"rendered":"https:\/\/smartproductsonline.nl\/product\/digitale-loeffelwaage-mit-praktischem-abnehmbarem-loeffelstueck\/"},"modified":"2023-02-25T20:18:16","modified_gmt":"2023-02-25T19:18:16","slug":"digitale-loeffelwaage-mit-praktischem-abnehmbarem-loeffelstueck","status":"publish","type":"product","link":"https:\/\/smartproductsonline.nl\/de\/produkt\/digitale-loeffelwaage-mit-praktischem-abnehmbarem-loeffelstueck\/","title":{"rendered":"Digitale L\u00f6ffelwaage mit praktischem, abnehmbarem L\u00f6ffelst\u00fcck"},"content":{"rendered":"<div class=\"wpb-content-wrapper\">[vc_row][vc_column][vc_column_text]Exakt! Das ist diese handliche digitale L\u00f6ffelwaage. Sie m\u00fcssen Beh\u00e4lter nicht mehr mit einer normalen K\u00fcchenwaage wiegen. Mit diesem L\u00f6ffel k\u00f6nnen Sie kleine Mengen w\u00e4hrend der Zubereitung des Kochens schnell abwiegen. Diese Handwaage ist \u00e4u\u00dferst genau, da die Digitalanzeige alle 0,1 Gramm genau anzeigt. Ideal zum pr\u00e4zisen Kochen und Abnehmen und auch ein tolles Produkt zum Verschenken. Der vordere Teil des L\u00f6ffels kann auch abgeklickt werden: praktisch f\u00fcr die Sp\u00fclmaschine!<\/p>\n<p><strong>Vorteile<\/strong><\/p>\n<ul>\n<li>Die L\u00f6ffelwaage hat einen LCD-Bildschirm; zeigt alle 0,1 Gramm genau an<\/li>\n<li>Die L\u00f6ffelwaage wiegt bis zu 500 Gramm<\/li>\n<li>Auf dem L\u00f6ffelteil befinden sich Linien, die alle 5 ml bis 30 ml anzeigen<\/li>\n<li>Das vordere L\u00f6ffelteil ist abnehmbar und kann in die Sp\u00fclmaschine gegeben werden<\/li>\n<li>Kann einfach in der Besteckschublade verstaut werden<\/li>\n<li>Kommt mit einer kostenlosen CR2023-Batterie<\/li>\n<\/ul>\n<p>&#8230;.und auch eine sch\u00f6ne Geschenkidee!<\/p>\n<p><strong>Einschlie\u00dflich<\/strong><\/p>\n<ul>\n<li>Kostenlose Lieferung in ganz Europa. Wir liefern immer direkt aus unserem Lager in der N\u00e4he von Haarlem in den Niederlanden. Innerhalb von 5 Werktagen nach Bestellung im Briefkasten.<\/li>\n<\/ul>\n<p><strong> Spezifikationen<\/strong><\/p>\n<ul>\n<li>Farbe: Wei\u00df<\/li>\n<li>Material: Kunststoff<\/li>\n<li>Ein \/ Aus Schalter<\/li>\n<li>\u201eTare\u201c-Taste: zur\u00fcck auf Null<\/li>\n<li>&#8218;Hold&#8216;-Taste: Halten Sie den Wert und zeigen Sie den Wert auf dem LCD-Bildschirm an<\/li>\n<li>\u201eMode\u201c-Taste: Umschalten der W\u00e4gemethode von Gramm \u201eg\u201c auf \u201eoz\u201c, \u201egn\u201c oder \u201ect\u201c, falls gew\u00fcnscht.<\/li>\n<li>Arbeitstemperatur f\u00fcr die Zutaten: 0-40 Grad, nicht hei\u00dfer oder k\u00e4lter.<\/li>\n<\/ul>\n<p><strong>Preis<\/strong><\/p>\n<ul>\n<li>1 St\u00fcck: 14,95<\/li>\n<li>2 St\u00fcck: 25,-<\/li>\n<\/ul>\n[\/vc_column_text][\/vc_column][\/vc_row]\n<\/div>","protected":false},"excerpt":{"rendered":"<p>Exakt! Das ist diese handliche digitale L\u00f6ffelwaage. Bei der Zubereitung von Speisen wiegen Sie kleine Mengen genau ab. Der vordere Teil des L\u00f6ffels l\u00e4sst sich clever abklicken: praktisch f\u00fcr die Sp\u00fclmaschine.<\/p>\n<p>Inklusive kostenloser CR2023-Batterie. 1 digitale L\u00f6ffelwaage kostet 14,95; 2 St\u00fcck f\u00fcr 25,-.<\/p>\n","protected":false},"featured_media":28468,"template":"","meta":[],"product_brand":[],"product_cat":[1006,1007,1008,1045],"product_tag":[],"class_list":{"0":"post-30804","1":"product","2":"type-product","3":"status-publish","4":"has-post-thumbnail","6":"product_cat-alle-produkte","7":"product_cat-bestseller","8":"product_cat-gadgets-de-2","9":"product_cat-geschenkideen","10":"entry","11":"has-media","13":"first","14":"instock","15":"taxable","16":"shipping-taxable","17":"purchasable","18":"product-type-variable"},"yoast_head":"<!-- This site is optimized with the Yoast SEO plugin v26.8 - https:\/\/yoast.com\/product\/yoast-seo-wordpress\/ -->\n<title>Digitale L\u00f6ffelwaage mit praktischem, abnehmbarem L\u00f6ffelst\u00fcck - Smartproductsonline<\/title>\n<meta name=\"description\" content=\"Exakt! Das ist diese handliche digitale L\u00f6ffelwaage. Sie m\u00fcssen Beh\u00e4lter nicht mehr mit einer normalen K\u00fcchenwaage wiegen. Inklusive Batterie.\" \/>\n<meta name=\"robots\" content=\"index, follow, max-snippet:-1, max-image-preview:large, max-video-preview:-1\" \/>\n<link rel=\"canonical\" href=\"https:\/\/smartproductsonline.nl\/de\/produkt\/digitale-loeffelwaage-mit-praktischem-abnehmbarem-loeffelstueck\/\" \/>\n<meta property=\"og:locale\" content=\"de_DE\" \/>\n<meta property=\"og:type\" content=\"article\" \/>\n<meta property=\"og:title\" content=\"Digitale L\u00f6ffelwaage mit praktischem, abnehmbarem L\u00f6ffelst\u00fcck - Smartproductsonline\" \/>\n<meta property=\"og:description\" content=\"Exakt! Das ist diese handliche digitale L\u00f6ffelwaage. Sie m\u00fcssen Beh\u00e4lter nicht mehr mit einer normalen K\u00fcchenwaage wiegen. Inklusive Batterie.\" \/>\n<meta property=\"og:url\" content=\"https:\/\/smartproductsonline.nl\/de\/produkt\/digitale-loeffelwaage-mit-praktischem-abnehmbarem-loeffelstueck\/\" \/>\n<meta property=\"og:site_name\" content=\"Smartproductsonline\" \/>\n<meta property=\"article:modified_time\" content=\"2023-02-25T19:18:16+00:00\" \/>\n<meta property=\"og:image\" content=\"https:\/\/smartproductsonline.nl\/wp-content\/uploads\/2022\/08\/61.7.jpeg\" \/>\n\t<meta property=\"og:image:width\" content=\"889\" \/>\n\t<meta property=\"og:image:height\" content=\"893\" \/>\n\t<meta property=\"og:image:type\" content=\"image\/jpeg\" \/>\n<meta name=\"twitter:card\" content=\"summary_large_image\" \/>\n<meta name=\"twitter:label1\" content=\"Gesch\u00e4tzte Lesezeit\" \/>\n\t<meta name=\"twitter:data1\" content=\"1\u00a0Minute\" \/>\n<script type=\"application\/ld+json\" class=\"yoast-schema-graph\">{\"@context\":\"https:\/\/schema.org\",\"@graph\":[{\"@type\":\"WebPage\",\"@id\":\"https:\/\/smartproductsonline.nl\/de\/produkt\/digitale-loeffelwaage-mit-praktischem-abnehmbarem-loeffelstueck\/\",\"url\":\"https:\/\/smartproductsonline.nl\/de\/produkt\/digitale-loeffelwaage-mit-praktischem-abnehmbarem-loeffelstueck\/\",\"name\":\"Digitale L\u00f6ffelwaage mit praktischem, abnehmbarem L\u00f6ffelst\u00fcck - Smartproductsonline\",\"isPartOf\":{\"@id\":\"https:\/\/smartproductsonline.nl\/de\/#website\"},\"primaryImageOfPage\":{\"@id\":\"https:\/\/smartproductsonline.nl\/de\/produkt\/digitale-loeffelwaage-mit-praktischem-abnehmbarem-loeffelstueck\/#primaryimage\"},\"image\":{\"@id\":\"https:\/\/smartproductsonline.nl\/de\/produkt\/digitale-loeffelwaage-mit-praktischem-abnehmbarem-loeffelstueck\/#primaryimage\"},\"thumbnailUrl\":\"https:\/\/smartproductsonline.nl\/wp-content\/uploads\/2022\/08\/61.7.jpeg\",\"datePublished\":\"2022-08-25T05:58:10+00:00\",\"dateModified\":\"2023-02-25T19:18:16+00:00\",\"description\":\"Exakt! Das ist diese handliche digitale L\u00f6ffelwaage. Sie m\u00fcssen Beh\u00e4lter nicht mehr mit einer normalen K\u00fcchenwaage wiegen. Inklusive Batterie.\",\"breadcrumb\":{\"@id\":\"https:\/\/smartproductsonline.nl\/de\/produkt\/digitale-loeffelwaage-mit-praktischem-abnehmbarem-loeffelstueck\/#breadcrumb\"},\"inLanguage\":\"de\",\"potentialAction\":[{\"@type\":\"ReadAction\",\"target\":[\"https:\/\/smartproductsonline.nl\/de\/produkt\/digitale-loeffelwaage-mit-praktischem-abnehmbarem-loeffelstueck\/\"]}]},{\"@type\":\"ImageObject\",\"inLanguage\":\"de\",\"@id\":\"https:\/\/smartproductsonline.nl\/de\/produkt\/digitale-loeffelwaage-mit-praktischem-abnehmbarem-loeffelstueck\/#primaryimage\",\"url\":\"https:\/\/smartproductsonline.nl\/wp-content\/uploads\/2022\/08\/61.7.jpeg\",\"contentUrl\":\"https:\/\/smartproductsonline.nl\/wp-content\/uploads\/2022\/08\/61.7.jpeg\",\"width\":889,\"height\":893},{\"@type\":\"BreadcrumbList\",\"@id\":\"https:\/\/smartproductsonline.nl\/de\/produkt\/digitale-loeffelwaage-mit-praktischem-abnehmbarem-loeffelstueck\/#breadcrumb\",\"itemListElement\":[{\"@type\":\"ListItem\",\"position\":1,\"name\":\"Home\",\"item\":\"https:\/\/smartproductsonline.nl\/de\/\"},{\"@type\":\"ListItem\",\"position\":2,\"name\":\"Gesch\u00e4ft\",\"item\":\"https:\/\/smartproductsonline.nl\/winkel\/\"},{\"@type\":\"ListItem\",\"position\":3,\"name\":\"Digitale L\u00f6ffelwaage mit praktischem, abnehmbarem L\u00f6ffelst\u00fcck\"}]},{\"@type\":\"WebSite\",\"@id\":\"https:\/\/smartproductsonline.nl\/de\/#website\",\"url\":\"https:\/\/smartproductsonline.nl\/de\/\",\"name\":\"Smartproductsonline\",\"description\":\"Slimme producten die je leven makkelijker maken\",\"publisher\":{\"@id\":\"https:\/\/smartproductsonline.nl\/de\/#organization\"},\"potentialAction\":[{\"@type\":\"SearchAction\",\"target\":{\"@type\":\"EntryPoint\",\"urlTemplate\":\"https:\/\/smartproductsonline.nl\/de\/?s={search_term_string}\"},\"query-input\":{\"@type\":\"PropertyValueSpecification\",\"valueRequired\":true,\"valueName\":\"search_term_string\"}}],\"inLanguage\":\"de\"},{\"@type\":\"Organization\",\"@id\":\"https:\/\/smartproductsonline.nl\/de\/#organization\",\"name\":\"Smartproductsonline\",\"url\":\"https:\/\/smartproductsonline.nl\/de\/\",\"logo\":{\"@type\":\"ImageObject\",\"inLanguage\":\"de\",\"@id\":\"https:\/\/smartproductsonline.nl\/de\/#\/schema\/logo\/image\/\",\"url\":\"https:\/\/smartproductsonline.nl\/wp-content\/uploads\/2021\/08\/Logo-2.png\",\"contentUrl\":\"https:\/\/smartproductsonline.nl\/wp-content\/uploads\/2021\/08\/Logo-2.png\",\"width\":250,\"height\":75,\"caption\":\"Smartproductsonline\"},\"image\":{\"@id\":\"https:\/\/smartproductsonline.nl\/de\/#\/schema\/logo\/image\/\"}}]}<\/script>\n<!-- \/ Yoast SEO plugin. -->","yoast_head_json":{"title":"Digitale L\u00f6ffelwaage mit praktischem, abnehmbarem L\u00f6ffelst\u00fcck - Smartproductsonline","description":"Exakt! Das ist diese handliche digitale L\u00f6ffelwaage. Sie m\u00fcssen Beh\u00e4lter nicht mehr mit einer normalen K\u00fcchenwaage wiegen. Inklusive Batterie.","robots":{"index":"index","follow":"follow","max-snippet":"max-snippet:-1","max-image-preview":"max-image-preview:large","max-video-preview":"max-video-preview:-1"},"canonical":"https:\/\/smartproductsonline.nl\/de\/produkt\/digitale-loeffelwaage-mit-praktischem-abnehmbarem-loeffelstueck\/","og_locale":"de_DE","og_type":"article","og_title":"Digitale L\u00f6ffelwaage mit praktischem, abnehmbarem L\u00f6ffelst\u00fcck - Smartproductsonline","og_description":"Exakt! Das ist diese handliche digitale L\u00f6ffelwaage. Sie m\u00fcssen Beh\u00e4lter nicht mehr mit einer normalen K\u00fcchenwaage wiegen. Inklusive Batterie.","og_url":"https:\/\/smartproductsonline.nl\/de\/produkt\/digitale-loeffelwaage-mit-praktischem-abnehmbarem-loeffelstueck\/","og_site_name":"Smartproductsonline","article_modified_time":"2023-02-25T19:18:16+00:00","og_image":[{"width":889,"height":893,"url":"https:\/\/smartproductsonline.nl\/wp-content\/uploads\/2022\/08\/61.7.jpeg","type":"image\/jpeg"}],"twitter_card":"summary_large_image","twitter_misc":{"Gesch\u00e4tzte Lesezeit":"1\u00a0Minute"},"schema":{"@context":"https:\/\/schema.org","@graph":[{"@type":"WebPage","@id":"https:\/\/smartproductsonline.nl\/de\/produkt\/digitale-loeffelwaage-mit-praktischem-abnehmbarem-loeffelstueck\/","url":"https:\/\/smartproductsonline.nl\/de\/produkt\/digitale-loeffelwaage-mit-praktischem-abnehmbarem-loeffelstueck\/","name":"Digitale L\u00f6ffelwaage mit praktischem, abnehmbarem L\u00f6ffelst\u00fcck - Smartproductsonline","isPartOf":{"@id":"https:\/\/smartproductsonline.nl\/de\/#website"},"primaryImageOfPage":{"@id":"https:\/\/smartproductsonline.nl\/de\/produkt\/digitale-loeffelwaage-mit-praktischem-abnehmbarem-loeffelstueck\/#primaryimage"},"image":{"@id":"https:\/\/smartproductsonline.nl\/de\/produkt\/digitale-loeffelwaage-mit-praktischem-abnehmbarem-loeffelstueck\/#primaryimage"},"thumbnailUrl":"https:\/\/smartproductsonline.nl\/wp-content\/uploads\/2022\/08\/61.7.jpeg","datePublished":"2022-08-25T05:58:10+00:00","dateModified":"2023-02-25T19:18:16+00:00","description":"Exakt! Das ist diese handliche digitale L\u00f6ffelwaage. Sie m\u00fcssen Beh\u00e4lter nicht mehr mit einer normalen K\u00fcchenwaage wiegen. Inklusive Batterie.","breadcrumb":{"@id":"https:\/\/smartproductsonline.nl\/de\/produkt\/digitale-loeffelwaage-mit-praktischem-abnehmbarem-loeffelstueck\/#breadcrumb"},"inLanguage":"de","potentialAction":[{"@type":"ReadAction","target":["https:\/\/smartproductsonline.nl\/de\/produkt\/digitale-loeffelwaage-mit-praktischem-abnehmbarem-loeffelstueck\/"]}]},{"@type":"ImageObject","inLanguage":"de","@id":"https:\/\/smartproductsonline.nl\/de\/produkt\/digitale-loeffelwaage-mit-praktischem-abnehmbarem-loeffelstueck\/#primaryimage","url":"https:\/\/smartproductsonline.nl\/wp-content\/uploads\/2022\/08\/61.7.jpeg","contentUrl":"https:\/\/smartproductsonline.nl\/wp-content\/uploads\/2022\/08\/61.7.jpeg","width":889,"height":893},{"@type":"BreadcrumbList","@id":"https:\/\/smartproductsonline.nl\/de\/produkt\/digitale-loeffelwaage-mit-praktischem-abnehmbarem-loeffelstueck\/#breadcrumb","itemListElement":[{"@type":"ListItem","position":1,"name":"Home","item":"https:\/\/smartproductsonline.nl\/de\/"},{"@type":"ListItem","position":2,"name":"Gesch\u00e4ft","item":"https:\/\/smartproductsonline.nl\/winkel\/"},{"@type":"ListItem","position":3,"name":"Digitale L\u00f6ffelwaage mit praktischem, abnehmbarem L\u00f6ffelst\u00fcck"}]},{"@type":"WebSite","@id":"https:\/\/smartproductsonline.nl\/de\/#website","url":"https:\/\/smartproductsonline.nl\/de\/","name":"Smartproductsonline","description":"Slimme producten die je leven makkelijker maken","publisher":{"@id":"https:\/\/smartproductsonline.nl\/de\/#organization"},"potentialAction":[{"@type":"SearchAction","target":{"@type":"EntryPoint","urlTemplate":"https:\/\/smartproductsonline.nl\/de\/?s={search_term_string}"},"query-input":{"@type":"PropertyValueSpecification","valueRequired":true,"valueName":"search_term_string"}}],"inLanguage":"de"},{"@type":"Organization","@id":"https:\/\/smartproductsonline.nl\/de\/#organization","name":"Smartproductsonline","url":"https:\/\/smartproductsonline.nl\/de\/","logo":{"@type":"ImageObject","inLanguage":"de","@id":"https:\/\/smartproductsonline.nl\/de\/#\/schema\/logo\/image\/","url":"https:\/\/smartproductsonline.nl\/wp-content\/uploads\/2021\/08\/Logo-2.png","contentUrl":"https:\/\/smartproductsonline.nl\/wp-content\/uploads\/2021\/08\/Logo-2.png","width":250,"height":75,"caption":"Smartproductsonline"},"image":{"@id":"https:\/\/smartproductsonline.nl\/de\/#\/schema\/logo\/image\/"}}]}},"_links":{"self":[{"href":"https:\/\/smartproductsonline.nl\/de\/wp-json\/wp\/v2\/product\/30804","targetHints":{"allow":["GET"]}}],"collection":[{"href":"https:\/\/smartproductsonline.nl\/de\/wp-json\/wp\/v2\/product"}],"about":[{"href":"https:\/\/smartproductsonline.nl\/de\/wp-json\/wp\/v2\/types\/product"}],"wp:featuredmedia":[{"embeddable":true,"href":"https:\/\/smartproductsonline.nl\/de\/wp-json\/wp\/v2\/media\/28468"}],"wp:attachment":[{"href":"https:\/\/smartproductsonline.nl\/de\/wp-json\/wp\/v2\/media?parent=30804"}],"wp:term":[{"taxonomy":"product_brand","embeddable":true,"href":"https:\/\/smartproductsonline.nl\/de\/wp-json\/wp\/v2\/product_brand?post=30804"},{"taxonomy":"product_cat","embeddable":true,"href":"https:\/\/smartproductsonline.nl\/de\/wp-json\/wp\/v2\/product_cat?post=30804"},{"taxonomy":"product_tag","embeddable":true,"href":"https:\/\/smartproductsonline.nl\/de\/wp-json\/wp\/v2\/product_tag?post=30804"}],"curies":[{"name":"wp","href":"https:\/\/api.w.org\/{rel}","templated":true}]}}