{"id":30773,"date":"2022-11-02T07:29:37","date_gmt":"2022-11-02T06:29:37","guid":{"rendered":"https:\/\/smartproductsonline.nl\/product\/4-waschmaschinen-stabilisatoren-geben-sie-ihrem-zuhause-sicherheit\/"},"modified":"2024-09-30T00:08:29","modified_gmt":"2024-09-29T22:08:29","slug":"4-waschmaschinen-stabilisatoren-geben-sie-ihrem-zuhause-sicherheit","status":"publish","type":"product","link":"https:\/\/smartproductsonline.nl\/de\/produkt\/4-waschmaschinen-stabilisatoren-geben-sie-ihrem-zuhause-sicherheit\/","title":{"rendered":"4 Waschmaschinen-Stabilisatoren, geben Sie Ihrem Zuhause Sicherheit"},"content":{"rendered":"<div class=\"wpb-content-wrapper\">[vc_row][vc_column][vc_column_text]\n<ul>\n<li>Sowohl f\u00fcr Waschmaschine als auch f\u00fcr Trockner geeignet<\/li>\n<li>Die Gummipads stabilisieren, verhindern, dass sich die Waschmaschine oder der Trockner zu stark bewegt oder wackelt: Sie absorbieren die Vibrationen.<\/li>\n<li>Schalld\u00e4mpfung, Ger\u00e4uschreduzierung, gibt Seelenfrieden.<\/li>\n<li>Schnell und einfach selbst zu installieren, kein Aufwand, keine Installation erforderlich<\/li>\n<li>Qualit\u00e4t: lange Lebensdauer<\/li>\n<li>Solide Qualit\u00e4t<\/li>\n<\/ul>\n<p><strong>Einschlie\u00dflich<\/strong><\/p>\n<ul>\n<li>Kostenlose Lieferung in Europa Wir liefern immer direkt aus unserem Lager in der N\u00e4he von Haarlem in den Niederlanden. Innerhalb von 5 Werktagen nach Bestellung im Briefkasten.<\/li>\n<\/ul>\n<p><strong> Spezifikationen<\/strong><\/p>\n<ul>\n<li>Farbe: schwarz<\/li>\n<li>Material: Gummi, langlebige Qualit\u00e4t<\/li>\n<li>H\u00f6he: 2,2 cm<\/li>\n<li>Gr\u00f6\u00dfe des Lochs, in dem der Fu\u00df ruht: 4,5 cm im Durchmesser<\/li>\n<li>Gr\u00f6\u00dfe der Basis: 8,6 cm Durchmesser<\/li>\n<li>Gewicht: 32 Gramm<\/li>\n<\/ul>\n[\/vc_column_text][\/vc_column][\/vc_row]\n<\/div>","protected":false},"excerpt":{"rendered":"<p>Haben Sie genug von Ihrer lauten Waschmaschine oder Ihrem Trockner? Dann ist dieses 4er-Set Waschmaschinen-Stabilisatoren genau das Richtige f\u00fcr Sie.  Diese aus strapazierf\u00e4higem Gummi gefertigten Pads stabilisieren Ihre Waschmaschine und absorbieren Vibrationen, sodass Sie beruhigt in Ihr Zuhause kommen k\u00f6nnen.<\/p>\n<p>Aufgrund ihrer starken Qualit\u00e4t sind sie f\u00fcr jahrelanges Waschen und Trocknen geeignet. Geeignet f\u00fcr alle Gr\u00f6\u00dfen von Waschmaschinen und Trocknern. Ohne Installation schnell installiert, Sie m\u00fcssen nur die 4 Beine der Maschine ein wenig anheben.<\/p>\n<p><strong> Preis<\/strong><\/p>\n<ul>\n<li>1 Satz \u00e0 4 St\u00fcck: 19,95<\/li>\n<li>2 Sets \u00e0 4 St\u00fcck: 35,-<\/li>\n<\/ul>\n","protected":false},"featured_media":27875,"template":"","meta":[],"product_brand":[],"product_cat":[1006,1007,1008,1047],"product_tag":[],"class_list":{"0":"post-30773","1":"product","2":"type-product","3":"status-publish","4":"has-post-thumbnail","6":"product_cat-alle-produkte","7":"product_cat-bestseller","8":"product_cat-gadgets-de-2","9":"product_cat-haus-garten","10":"entry","11":"has-media","13":"first","14":"instock","15":"taxable","16":"shipping-taxable","17":"purchasable","18":"product-type-variable","19":"has-default-attributes"},"yoast_head":"<!-- This site is optimized with the Yoast SEO plugin v26.8 - https:\/\/yoast.com\/product\/yoast-seo-wordpress\/ -->\n<title>4 Waschmaschinen-Stabilisatoren, geben Sie Ihrem Zuhause Sicherheit - Smartproductsonline<\/title>\n<meta name=\"description\" content=\"Haben Sie genug von Ihrer lauten Waschmaschine oder Ihrem Trockner? Dann ist dieses 4er-Set Waschmaschinen-Stabilisatoren genau das Richtige f\u00fcr Sie.\" \/>\n<meta name=\"robots\" content=\"index, follow, max-snippet:-1, max-image-preview:large, max-video-preview:-1\" \/>\n<link rel=\"canonical\" href=\"https:\/\/smartproductsonline.nl\/de\/produkt\/4-waschmaschinen-stabilisatoren-geben-sie-ihrem-zuhause-sicherheit\/\" \/>\n<meta property=\"og:locale\" content=\"de_DE\" \/>\n<meta property=\"og:type\" content=\"article\" \/>\n<meta property=\"og:title\" content=\"4 Waschmaschinen-Stabilisatoren, geben Sie Ihrem Zuhause Sicherheit - Smartproductsonline\" \/>\n<meta property=\"og:description\" content=\"Haben Sie genug von Ihrer lauten Waschmaschine oder Ihrem Trockner? Dann ist dieses 4er-Set Waschmaschinen-Stabilisatoren genau das Richtige f\u00fcr Sie.\" \/>\n<meta property=\"og:url\" content=\"https:\/\/smartproductsonline.nl\/de\/produkt\/4-waschmaschinen-stabilisatoren-geben-sie-ihrem-zuhause-sicherheit\/\" \/>\n<meta property=\"og:site_name\" content=\"Smartproductsonline\" \/>\n<meta property=\"article:modified_time\" content=\"2024-09-29T22:08:29+00:00\" \/>\n<meta property=\"og:image\" content=\"https:\/\/smartproductsonline.nl\/wp-content\/uploads\/2022\/11\/72.webp\" \/>\n\t<meta property=\"og:image:width\" content=\"800\" \/>\n\t<meta property=\"og:image:height\" content=\"800\" \/>\n\t<meta property=\"og:image:type\" content=\"image\/webp\" \/>\n<meta name=\"twitter:card\" content=\"summary_large_image\" \/>\n<meta name=\"twitter:label1\" content=\"Gesch\u00e4tzte Lesezeit\" \/>\n\t<meta name=\"twitter:data1\" content=\"1\u00a0Minute\" \/>\n<script type=\"application\/ld+json\" class=\"yoast-schema-graph\">{\"@context\":\"https:\/\/schema.org\",\"@graph\":[{\"@type\":\"WebPage\",\"@id\":\"https:\/\/smartproductsonline.nl\/de\/produkt\/4-waschmaschinen-stabilisatoren-geben-sie-ihrem-zuhause-sicherheit\/\",\"url\":\"https:\/\/smartproductsonline.nl\/de\/produkt\/4-waschmaschinen-stabilisatoren-geben-sie-ihrem-zuhause-sicherheit\/\",\"name\":\"4 Waschmaschinen-Stabilisatoren, geben Sie Ihrem Zuhause Sicherheit - Smartproductsonline\",\"isPartOf\":{\"@id\":\"https:\/\/smartproductsonline.nl\/de\/#website\"},\"primaryImageOfPage\":{\"@id\":\"https:\/\/smartproductsonline.nl\/de\/produkt\/4-waschmaschinen-stabilisatoren-geben-sie-ihrem-zuhause-sicherheit\/#primaryimage\"},\"image\":{\"@id\":\"https:\/\/smartproductsonline.nl\/de\/produkt\/4-waschmaschinen-stabilisatoren-geben-sie-ihrem-zuhause-sicherheit\/#primaryimage\"},\"thumbnailUrl\":\"https:\/\/smartproductsonline.nl\/wp-content\/uploads\/2022\/11\/72.webp\",\"datePublished\":\"2022-11-02T06:29:37+00:00\",\"dateModified\":\"2024-09-29T22:08:29+00:00\",\"description\":\"Haben Sie genug von Ihrer lauten Waschmaschine oder Ihrem Trockner? Dann ist dieses 4er-Set Waschmaschinen-Stabilisatoren genau das Richtige f\u00fcr Sie.\",\"breadcrumb\":{\"@id\":\"https:\/\/smartproductsonline.nl\/de\/produkt\/4-waschmaschinen-stabilisatoren-geben-sie-ihrem-zuhause-sicherheit\/#breadcrumb\"},\"inLanguage\":\"de\",\"potentialAction\":[{\"@type\":\"ReadAction\",\"target\":[\"https:\/\/smartproductsonline.nl\/de\/produkt\/4-waschmaschinen-stabilisatoren-geben-sie-ihrem-zuhause-sicherheit\/\"]}]},{\"@type\":\"ImageObject\",\"inLanguage\":\"de\",\"@id\":\"https:\/\/smartproductsonline.nl\/de\/produkt\/4-waschmaschinen-stabilisatoren-geben-sie-ihrem-zuhause-sicherheit\/#primaryimage\",\"url\":\"https:\/\/smartproductsonline.nl\/wp-content\/uploads\/2022\/11\/72.webp\",\"contentUrl\":\"https:\/\/smartproductsonline.nl\/wp-content\/uploads\/2022\/11\/72.webp\",\"width\":800,\"height\":800},{\"@type\":\"BreadcrumbList\",\"@id\":\"https:\/\/smartproductsonline.nl\/de\/produkt\/4-waschmaschinen-stabilisatoren-geben-sie-ihrem-zuhause-sicherheit\/#breadcrumb\",\"itemListElement\":[{\"@type\":\"ListItem\",\"position\":1,\"name\":\"Home\",\"item\":\"https:\/\/smartproductsonline.nl\/de\/\"},{\"@type\":\"ListItem\",\"position\":2,\"name\":\"Gesch\u00e4ft\",\"item\":\"https:\/\/smartproductsonline.nl\/winkel\/\"},{\"@type\":\"ListItem\",\"position\":3,\"name\":\"4 Waschmaschinen-Stabilisatoren, geben Sie Ihrem Zuhause Sicherheit\"}]},{\"@type\":\"WebSite\",\"@id\":\"https:\/\/smartproductsonline.nl\/de\/#website\",\"url\":\"https:\/\/smartproductsonline.nl\/de\/\",\"name\":\"Smartproductsonline\",\"description\":\"Slimme producten die je leven makkelijker maken\",\"publisher\":{\"@id\":\"https:\/\/smartproductsonline.nl\/de\/#organization\"},\"potentialAction\":[{\"@type\":\"SearchAction\",\"target\":{\"@type\":\"EntryPoint\",\"urlTemplate\":\"https:\/\/smartproductsonline.nl\/de\/?s={search_term_string}\"},\"query-input\":{\"@type\":\"PropertyValueSpecification\",\"valueRequired\":true,\"valueName\":\"search_term_string\"}}],\"inLanguage\":\"de\"},{\"@type\":\"Organization\",\"@id\":\"https:\/\/smartproductsonline.nl\/de\/#organization\",\"name\":\"Smartproductsonline\",\"url\":\"https:\/\/smartproductsonline.nl\/de\/\",\"logo\":{\"@type\":\"ImageObject\",\"inLanguage\":\"de\",\"@id\":\"https:\/\/smartproductsonline.nl\/de\/#\/schema\/logo\/image\/\",\"url\":\"https:\/\/smartproductsonline.nl\/wp-content\/uploads\/2021\/08\/Logo-2.png\",\"contentUrl\":\"https:\/\/smartproductsonline.nl\/wp-content\/uploads\/2021\/08\/Logo-2.png\",\"width\":250,\"height\":75,\"caption\":\"Smartproductsonline\"},\"image\":{\"@id\":\"https:\/\/smartproductsonline.nl\/de\/#\/schema\/logo\/image\/\"}}]}<\/script>\n<!-- \/ Yoast SEO plugin. -->","yoast_head_json":{"title":"4 Waschmaschinen-Stabilisatoren, geben Sie Ihrem Zuhause Sicherheit - Smartproductsonline","description":"Haben Sie genug von Ihrer lauten Waschmaschine oder Ihrem Trockner? Dann ist dieses 4er-Set Waschmaschinen-Stabilisatoren genau das Richtige f\u00fcr Sie.","robots":{"index":"index","follow":"follow","max-snippet":"max-snippet:-1","max-image-preview":"max-image-preview:large","max-video-preview":"max-video-preview:-1"},"canonical":"https:\/\/smartproductsonline.nl\/de\/produkt\/4-waschmaschinen-stabilisatoren-geben-sie-ihrem-zuhause-sicherheit\/","og_locale":"de_DE","og_type":"article","og_title":"4 Waschmaschinen-Stabilisatoren, geben Sie Ihrem Zuhause Sicherheit - Smartproductsonline","og_description":"Haben Sie genug von Ihrer lauten Waschmaschine oder Ihrem Trockner? Dann ist dieses 4er-Set Waschmaschinen-Stabilisatoren genau das Richtige f\u00fcr Sie.","og_url":"https:\/\/smartproductsonline.nl\/de\/produkt\/4-waschmaschinen-stabilisatoren-geben-sie-ihrem-zuhause-sicherheit\/","og_site_name":"Smartproductsonline","article_modified_time":"2024-09-29T22:08:29+00:00","og_image":[{"width":800,"height":800,"url":"https:\/\/smartproductsonline.nl\/wp-content\/uploads\/2022\/11\/72.webp","type":"image\/webp"}],"twitter_card":"summary_large_image","twitter_misc":{"Gesch\u00e4tzte Lesezeit":"1\u00a0Minute"},"schema":{"@context":"https:\/\/schema.org","@graph":[{"@type":"WebPage","@id":"https:\/\/smartproductsonline.nl\/de\/produkt\/4-waschmaschinen-stabilisatoren-geben-sie-ihrem-zuhause-sicherheit\/","url":"https:\/\/smartproductsonline.nl\/de\/produkt\/4-waschmaschinen-stabilisatoren-geben-sie-ihrem-zuhause-sicherheit\/","name":"4 Waschmaschinen-Stabilisatoren, geben Sie Ihrem Zuhause Sicherheit - Smartproductsonline","isPartOf":{"@id":"https:\/\/smartproductsonline.nl\/de\/#website"},"primaryImageOfPage":{"@id":"https:\/\/smartproductsonline.nl\/de\/produkt\/4-waschmaschinen-stabilisatoren-geben-sie-ihrem-zuhause-sicherheit\/#primaryimage"},"image":{"@id":"https:\/\/smartproductsonline.nl\/de\/produkt\/4-waschmaschinen-stabilisatoren-geben-sie-ihrem-zuhause-sicherheit\/#primaryimage"},"thumbnailUrl":"https:\/\/smartproductsonline.nl\/wp-content\/uploads\/2022\/11\/72.webp","datePublished":"2022-11-02T06:29:37+00:00","dateModified":"2024-09-29T22:08:29+00:00","description":"Haben Sie genug von Ihrer lauten Waschmaschine oder Ihrem Trockner? Dann ist dieses 4er-Set Waschmaschinen-Stabilisatoren genau das Richtige f\u00fcr Sie.","breadcrumb":{"@id":"https:\/\/smartproductsonline.nl\/de\/produkt\/4-waschmaschinen-stabilisatoren-geben-sie-ihrem-zuhause-sicherheit\/#breadcrumb"},"inLanguage":"de","potentialAction":[{"@type":"ReadAction","target":["https:\/\/smartproductsonline.nl\/de\/produkt\/4-waschmaschinen-stabilisatoren-geben-sie-ihrem-zuhause-sicherheit\/"]}]},{"@type":"ImageObject","inLanguage":"de","@id":"https:\/\/smartproductsonline.nl\/de\/produkt\/4-waschmaschinen-stabilisatoren-geben-sie-ihrem-zuhause-sicherheit\/#primaryimage","url":"https:\/\/smartproductsonline.nl\/wp-content\/uploads\/2022\/11\/72.webp","contentUrl":"https:\/\/smartproductsonline.nl\/wp-content\/uploads\/2022\/11\/72.webp","width":800,"height":800},{"@type":"BreadcrumbList","@id":"https:\/\/smartproductsonline.nl\/de\/produkt\/4-waschmaschinen-stabilisatoren-geben-sie-ihrem-zuhause-sicherheit\/#breadcrumb","itemListElement":[{"@type":"ListItem","position":1,"name":"Home","item":"https:\/\/smartproductsonline.nl\/de\/"},{"@type":"ListItem","position":2,"name":"Gesch\u00e4ft","item":"https:\/\/smartproductsonline.nl\/winkel\/"},{"@type":"ListItem","position":3,"name":"4 Waschmaschinen-Stabilisatoren, geben Sie Ihrem Zuhause Sicherheit"}]},{"@type":"WebSite","@id":"https:\/\/smartproductsonline.nl\/de\/#website","url":"https:\/\/smartproductsonline.nl\/de\/","name":"Smartproductsonline","description":"Slimme producten die je leven makkelijker maken","publisher":{"@id":"https:\/\/smartproductsonline.nl\/de\/#organization"},"potentialAction":[{"@type":"SearchAction","target":{"@type":"EntryPoint","urlTemplate":"https:\/\/smartproductsonline.nl\/de\/?s={search_term_string}"},"query-input":{"@type":"PropertyValueSpecification","valueRequired":true,"valueName":"search_term_string"}}],"inLanguage":"de"},{"@type":"Organization","@id":"https:\/\/smartproductsonline.nl\/de\/#organization","name":"Smartproductsonline","url":"https:\/\/smartproductsonline.nl\/de\/","logo":{"@type":"ImageObject","inLanguage":"de","@id":"https:\/\/smartproductsonline.nl\/de\/#\/schema\/logo\/image\/","url":"https:\/\/smartproductsonline.nl\/wp-content\/uploads\/2021\/08\/Logo-2.png","contentUrl":"https:\/\/smartproductsonline.nl\/wp-content\/uploads\/2021\/08\/Logo-2.png","width":250,"height":75,"caption":"Smartproductsonline"},"image":{"@id":"https:\/\/smartproductsonline.nl\/de\/#\/schema\/logo\/image\/"}}]}},"_links":{"self":[{"href":"https:\/\/smartproductsonline.nl\/de\/wp-json\/wp\/v2\/product\/30773","targetHints":{"allow":["GET"]}}],"collection":[{"href":"https:\/\/smartproductsonline.nl\/de\/wp-json\/wp\/v2\/product"}],"about":[{"href":"https:\/\/smartproductsonline.nl\/de\/wp-json\/wp\/v2\/types\/product"}],"wp:featuredmedia":[{"embeddable":true,"href":"https:\/\/smartproductsonline.nl\/de\/wp-json\/wp\/v2\/media\/27875"}],"wp:attachment":[{"href":"https:\/\/smartproductsonline.nl\/de\/wp-json\/wp\/v2\/media?parent=30773"}],"wp:term":[{"taxonomy":"product_brand","embeddable":true,"href":"https:\/\/smartproductsonline.nl\/de\/wp-json\/wp\/v2\/product_brand?post=30773"},{"taxonomy":"product_cat","embeddable":true,"href":"https:\/\/smartproductsonline.nl\/de\/wp-json\/wp\/v2\/product_cat?post=30773"},{"taxonomy":"product_tag","embeddable":true,"href":"https:\/\/smartproductsonline.nl\/de\/wp-json\/wp\/v2\/product_tag?post=30773"}],"curies":[{"name":"wp","href":"https:\/\/api.w.org\/{rel}","templated":true}]}}