{"id":30172,"date":"2021-08-02T10:36:20","date_gmt":"2021-08-02T08:36:20","guid":{"rendered":"https:\/\/smartproductsonline.nl\/product\/5-stueck-nadel-und-fadenzufuehrung-willemientjes\/"},"modified":"2023-02-20T20:15:50","modified_gmt":"2023-02-20T19:15:50","slug":"5-stueck-nadel-und-fadenzufuehrung-willemientjes","status":"publish","type":"product","link":"https:\/\/smartproductsonline.nl\/de\/produkt\/5-stueck-nadel-und-fadenzufuehrung-willemientjes\/","title":{"rendered":"5 St\u00fcck Nadel- und Fadenzuf\u00fchrung, willemientjes"},"content":{"rendered":"<div class=\"wpb-content-wrapper\">[vc_row][vc_column][vc_column_text]<strong>Dieser Nadel- und Fadenzubringer hat folgende Vorteile:<\/strong><br \/>\n\u2022 Sie m\u00fcssen nicht mehr mit dem Drahtende zielen<br \/>\n\u2022 Arbeitet schnell, Sie haken den Faden in das Ger\u00e4t ein und ziehen ihn durch die Nadel<br \/>\n\u2026..und ist nat\u00fcrlich praktisch, wenn man nicht so viel Geduld hat, einen Faden durch eine Nadel zu f\u00e4deln!<\/p>\n<p><strong>Einschlie\u00dflich<\/strong><br \/>\n\u2022 Satz von 5 Willemientjes<br \/>\n\u2022 Das Set mit Willemies besteht standardm\u00e4\u00dfig aus den folgenden 5 Farben: Blau, Pink, Gelb, Gr\u00fcn und Rot<br \/>\n\u2022 Kostenlose Lieferung in ganz Europa, Sie erhalten sie innerhalb von 3-5 Werktagen nach der Bestellung in Ihrem Briefkasten<\/p>\n<p><strong>Spezifikationen<\/strong><br \/>\n\u2022 Material: Kunststoff<br \/>\n\u2022 Farben im Set: Blau, Pink, Gelb, Gr\u00fcn, Rot<br \/>\n\u2022 L\u00e4nge: 4 cm<br \/>\n\u2022 Breite: 2 cm<\/p>\n[\/vc_column_text][\/vc_column][\/vc_row]\n<\/div>","protected":false},"excerpt":{"rendered":"<p>Sch\u00f6n, dieses intelligente Produkt, das Ihnen hilft, den Faden durch ein Nadel\u00f6hr zu f\u00fchren. Manchmal ist es mit dem kleinen Nadel\u00f6hr sehr schwer zu sehen. In einem Set, in der Tasche, gibt es nicht weniger als 5 Willemientjes. Wenn Sie mehrere Sets kaufen, ist der Preis pro Set g\u00fcnstiger.<\/p>\n<p><strong>Preise:<\/strong><\/p>\n<ul>\n<li>1 5er-Pack: 6,99<\/li>\n<li>2 S\u00e4tze \u00e0 5 St\u00fcck: 10,-<\/li>\n<li>3 S\u00e4tze \u00e0 5 St\u00fcck: 12,50<\/li>\n<li>4 S\u00e4tze \u00e0 5 St\u00fcck: 14,-<\/li>\n<\/ul>\n","protected":false},"featured_media":39705,"template":"","meta":[],"product_brand":[],"product_cat":[1006,1007,1008,1045,1047],"product_tag":[],"class_list":{"0":"post-30172","1":"product","2":"type-product","3":"status-publish","4":"has-post-thumbnail","6":"product_cat-alle-produkte","7":"product_cat-bestseller","8":"product_cat-gadgets-de-2","9":"product_cat-geschenkideen","10":"product_cat-haus-garten","11":"entry","12":"has-media","14":"first","15":"instock","16":"featured","17":"taxable","18":"shipping-taxable","19":"purchasable","20":"product-type-variable"},"yoast_head":"<!-- This site is optimized with the Yoast SEO plugin v26.8 - https:\/\/yoast.com\/product\/yoast-seo-wordpress\/ -->\n<title>5 St\u00fcck Nadel- und Fadenzuf\u00fchrung, willemientjes - Smartproductsonline<\/title>\n<meta name=\"description\" content=\"Sch\u00f6n, dieses intelligente Produkt, das Ihnen hilft, den Faden durch ein Nadel\u00f6hr zu f\u00fchren. Ein praktisches Set aus 5 Willemienten.\" \/>\n<meta name=\"robots\" content=\"index, follow, max-snippet:-1, max-image-preview:large, max-video-preview:-1\" \/>\n<link rel=\"canonical\" href=\"https:\/\/smartproductsonline.nl\/de\/produkt\/5-stueck-nadel-und-fadenzufuehrung-willemientjes\/\" \/>\n<meta property=\"og:locale\" content=\"de_DE\" \/>\n<meta property=\"og:type\" content=\"article\" \/>\n<meta property=\"og:title\" content=\"5 St\u00fcck Nadel- und Fadenzuf\u00fchrung, willemientjes - Smartproductsonline\" \/>\n<meta property=\"og:description\" content=\"Sch\u00f6n, dieses intelligente Produkt, das Ihnen hilft, den Faden durch ein Nadel\u00f6hr zu f\u00fchren. Ein praktisches Set aus 5 Willemienten.\" \/>\n<meta property=\"og:url\" content=\"https:\/\/smartproductsonline.nl\/de\/produkt\/5-stueck-nadel-und-fadenzufuehrung-willemientjes\/\" \/>\n<meta property=\"og:site_name\" content=\"Smartproductsonline\" \/>\n<meta property=\"article:modified_time\" content=\"2023-02-20T19:15:50+00:00\" \/>\n<meta property=\"og:image\" content=\"https:\/\/smartproductsonline.nl\/wp-content\/uploads\/2021\/08\/21.8-2.png\" \/>\n\t<meta property=\"og:image:width\" content=\"733\" \/>\n\t<meta property=\"og:image:height\" content=\"735\" \/>\n\t<meta property=\"og:image:type\" content=\"image\/png\" \/>\n<meta name=\"twitter:card\" content=\"summary_large_image\" \/>\n<meta name=\"twitter:label1\" content=\"Gesch\u00e4tzte Lesezeit\" \/>\n\t<meta name=\"twitter:data1\" content=\"1\u00a0Minute\" \/>\n<script type=\"application\/ld+json\" class=\"yoast-schema-graph\">{\"@context\":\"https:\/\/schema.org\",\"@graph\":[{\"@type\":\"WebPage\",\"@id\":\"https:\/\/smartproductsonline.nl\/de\/produkt\/5-stueck-nadel-und-fadenzufuehrung-willemientjes\/\",\"url\":\"https:\/\/smartproductsonline.nl\/de\/produkt\/5-stueck-nadel-und-fadenzufuehrung-willemientjes\/\",\"name\":\"5 St\u00fcck Nadel- und Fadenzuf\u00fchrung, willemientjes - Smartproductsonline\",\"isPartOf\":{\"@id\":\"https:\/\/smartproductsonline.nl\/de\/#website\"},\"primaryImageOfPage\":{\"@id\":\"https:\/\/smartproductsonline.nl\/de\/produkt\/5-stueck-nadel-und-fadenzufuehrung-willemientjes\/#primaryimage\"},\"image\":{\"@id\":\"https:\/\/smartproductsonline.nl\/de\/produkt\/5-stueck-nadel-und-fadenzufuehrung-willemientjes\/#primaryimage\"},\"thumbnailUrl\":\"https:\/\/smartproductsonline.nl\/wp-content\/uploads\/2021\/08\/21.8-2.png\",\"datePublished\":\"2021-08-02T08:36:20+00:00\",\"dateModified\":\"2023-02-20T19:15:50+00:00\",\"description\":\"Sch\u00f6n, dieses intelligente Produkt, das Ihnen hilft, den Faden durch ein Nadel\u00f6hr zu f\u00fchren. Ein praktisches Set aus 5 Willemienten.\",\"breadcrumb\":{\"@id\":\"https:\/\/smartproductsonline.nl\/de\/produkt\/5-stueck-nadel-und-fadenzufuehrung-willemientjes\/#breadcrumb\"},\"inLanguage\":\"de\",\"potentialAction\":[{\"@type\":\"ReadAction\",\"target\":[\"https:\/\/smartproductsonline.nl\/de\/produkt\/5-stueck-nadel-und-fadenzufuehrung-willemientjes\/\"]}]},{\"@type\":\"ImageObject\",\"inLanguage\":\"de\",\"@id\":\"https:\/\/smartproductsonline.nl\/de\/produkt\/5-stueck-nadel-und-fadenzufuehrung-willemientjes\/#primaryimage\",\"url\":\"https:\/\/smartproductsonline.nl\/wp-content\/uploads\/2021\/08\/21.8-2.png\",\"contentUrl\":\"https:\/\/smartproductsonline.nl\/wp-content\/uploads\/2021\/08\/21.8-2.png\",\"width\":733,\"height\":735},{\"@type\":\"BreadcrumbList\",\"@id\":\"https:\/\/smartproductsonline.nl\/de\/produkt\/5-stueck-nadel-und-fadenzufuehrung-willemientjes\/#breadcrumb\",\"itemListElement\":[{\"@type\":\"ListItem\",\"position\":1,\"name\":\"Home\",\"item\":\"https:\/\/smartproductsonline.nl\/de\/\"},{\"@type\":\"ListItem\",\"position\":2,\"name\":\"Gesch\u00e4ft\",\"item\":\"https:\/\/smartproductsonline.nl\/winkel\/\"},{\"@type\":\"ListItem\",\"position\":3,\"name\":\"5 St\u00fcck Nadel- und Fadenzuf\u00fchrung, willemientjes\"}]},{\"@type\":\"WebSite\",\"@id\":\"https:\/\/smartproductsonline.nl\/de\/#website\",\"url\":\"https:\/\/smartproductsonline.nl\/de\/\",\"name\":\"Smartproductsonline\",\"description\":\"Slimme producten die je leven makkelijker maken\",\"publisher\":{\"@id\":\"https:\/\/smartproductsonline.nl\/de\/#organization\"},\"potentialAction\":[{\"@type\":\"SearchAction\",\"target\":{\"@type\":\"EntryPoint\",\"urlTemplate\":\"https:\/\/smartproductsonline.nl\/de\/?s={search_term_string}\"},\"query-input\":{\"@type\":\"PropertyValueSpecification\",\"valueRequired\":true,\"valueName\":\"search_term_string\"}}],\"inLanguage\":\"de\"},{\"@type\":\"Organization\",\"@id\":\"https:\/\/smartproductsonline.nl\/de\/#organization\",\"name\":\"Smartproductsonline\",\"url\":\"https:\/\/smartproductsonline.nl\/de\/\",\"logo\":{\"@type\":\"ImageObject\",\"inLanguage\":\"de\",\"@id\":\"https:\/\/smartproductsonline.nl\/de\/#\/schema\/logo\/image\/\",\"url\":\"https:\/\/smartproductsonline.nl\/wp-content\/uploads\/2021\/08\/Logo-2.png\",\"contentUrl\":\"https:\/\/smartproductsonline.nl\/wp-content\/uploads\/2021\/08\/Logo-2.png\",\"width\":250,\"height\":75,\"caption\":\"Smartproductsonline\"},\"image\":{\"@id\":\"https:\/\/smartproductsonline.nl\/de\/#\/schema\/logo\/image\/\"}}]}<\/script>\n<!-- \/ Yoast SEO plugin. -->","yoast_head_json":{"title":"5 St\u00fcck Nadel- und Fadenzuf\u00fchrung, willemientjes - Smartproductsonline","description":"Sch\u00f6n, dieses intelligente Produkt, das Ihnen hilft, den Faden durch ein Nadel\u00f6hr zu f\u00fchren. Ein praktisches Set aus 5 Willemienten.","robots":{"index":"index","follow":"follow","max-snippet":"max-snippet:-1","max-image-preview":"max-image-preview:large","max-video-preview":"max-video-preview:-1"},"canonical":"https:\/\/smartproductsonline.nl\/de\/produkt\/5-stueck-nadel-und-fadenzufuehrung-willemientjes\/","og_locale":"de_DE","og_type":"article","og_title":"5 St\u00fcck Nadel- und Fadenzuf\u00fchrung, willemientjes - Smartproductsonline","og_description":"Sch\u00f6n, dieses intelligente Produkt, das Ihnen hilft, den Faden durch ein Nadel\u00f6hr zu f\u00fchren. Ein praktisches Set aus 5 Willemienten.","og_url":"https:\/\/smartproductsonline.nl\/de\/produkt\/5-stueck-nadel-und-fadenzufuehrung-willemientjes\/","og_site_name":"Smartproductsonline","article_modified_time":"2023-02-20T19:15:50+00:00","og_image":[{"width":733,"height":735,"url":"https:\/\/smartproductsonline.nl\/wp-content\/uploads\/2021\/08\/21.8-2.png","type":"image\/png"}],"twitter_card":"summary_large_image","twitter_misc":{"Gesch\u00e4tzte Lesezeit":"1\u00a0Minute"},"schema":{"@context":"https:\/\/schema.org","@graph":[{"@type":"WebPage","@id":"https:\/\/smartproductsonline.nl\/de\/produkt\/5-stueck-nadel-und-fadenzufuehrung-willemientjes\/","url":"https:\/\/smartproductsonline.nl\/de\/produkt\/5-stueck-nadel-und-fadenzufuehrung-willemientjes\/","name":"5 St\u00fcck Nadel- und Fadenzuf\u00fchrung, willemientjes - Smartproductsonline","isPartOf":{"@id":"https:\/\/smartproductsonline.nl\/de\/#website"},"primaryImageOfPage":{"@id":"https:\/\/smartproductsonline.nl\/de\/produkt\/5-stueck-nadel-und-fadenzufuehrung-willemientjes\/#primaryimage"},"image":{"@id":"https:\/\/smartproductsonline.nl\/de\/produkt\/5-stueck-nadel-und-fadenzufuehrung-willemientjes\/#primaryimage"},"thumbnailUrl":"https:\/\/smartproductsonline.nl\/wp-content\/uploads\/2021\/08\/21.8-2.png","datePublished":"2021-08-02T08:36:20+00:00","dateModified":"2023-02-20T19:15:50+00:00","description":"Sch\u00f6n, dieses intelligente Produkt, das Ihnen hilft, den Faden durch ein Nadel\u00f6hr zu f\u00fchren. Ein praktisches Set aus 5 Willemienten.","breadcrumb":{"@id":"https:\/\/smartproductsonline.nl\/de\/produkt\/5-stueck-nadel-und-fadenzufuehrung-willemientjes\/#breadcrumb"},"inLanguage":"de","potentialAction":[{"@type":"ReadAction","target":["https:\/\/smartproductsonline.nl\/de\/produkt\/5-stueck-nadel-und-fadenzufuehrung-willemientjes\/"]}]},{"@type":"ImageObject","inLanguage":"de","@id":"https:\/\/smartproductsonline.nl\/de\/produkt\/5-stueck-nadel-und-fadenzufuehrung-willemientjes\/#primaryimage","url":"https:\/\/smartproductsonline.nl\/wp-content\/uploads\/2021\/08\/21.8-2.png","contentUrl":"https:\/\/smartproductsonline.nl\/wp-content\/uploads\/2021\/08\/21.8-2.png","width":733,"height":735},{"@type":"BreadcrumbList","@id":"https:\/\/smartproductsonline.nl\/de\/produkt\/5-stueck-nadel-und-fadenzufuehrung-willemientjes\/#breadcrumb","itemListElement":[{"@type":"ListItem","position":1,"name":"Home","item":"https:\/\/smartproductsonline.nl\/de\/"},{"@type":"ListItem","position":2,"name":"Gesch\u00e4ft","item":"https:\/\/smartproductsonline.nl\/winkel\/"},{"@type":"ListItem","position":3,"name":"5 St\u00fcck Nadel- und Fadenzuf\u00fchrung, willemientjes"}]},{"@type":"WebSite","@id":"https:\/\/smartproductsonline.nl\/de\/#website","url":"https:\/\/smartproductsonline.nl\/de\/","name":"Smartproductsonline","description":"Slimme producten die je leven makkelijker maken","publisher":{"@id":"https:\/\/smartproductsonline.nl\/de\/#organization"},"potentialAction":[{"@type":"SearchAction","target":{"@type":"EntryPoint","urlTemplate":"https:\/\/smartproductsonline.nl\/de\/?s={search_term_string}"},"query-input":{"@type":"PropertyValueSpecification","valueRequired":true,"valueName":"search_term_string"}}],"inLanguage":"de"},{"@type":"Organization","@id":"https:\/\/smartproductsonline.nl\/de\/#organization","name":"Smartproductsonline","url":"https:\/\/smartproductsonline.nl\/de\/","logo":{"@type":"ImageObject","inLanguage":"de","@id":"https:\/\/smartproductsonline.nl\/de\/#\/schema\/logo\/image\/","url":"https:\/\/smartproductsonline.nl\/wp-content\/uploads\/2021\/08\/Logo-2.png","contentUrl":"https:\/\/smartproductsonline.nl\/wp-content\/uploads\/2021\/08\/Logo-2.png","width":250,"height":75,"caption":"Smartproductsonline"},"image":{"@id":"https:\/\/smartproductsonline.nl\/de\/#\/schema\/logo\/image\/"}}]}},"_links":{"self":[{"href":"https:\/\/smartproductsonline.nl\/de\/wp-json\/wp\/v2\/product\/30172","targetHints":{"allow":["GET"]}}],"collection":[{"href":"https:\/\/smartproductsonline.nl\/de\/wp-json\/wp\/v2\/product"}],"about":[{"href":"https:\/\/smartproductsonline.nl\/de\/wp-json\/wp\/v2\/types\/product"}],"wp:featuredmedia":[{"embeddable":true,"href":"https:\/\/smartproductsonline.nl\/de\/wp-json\/wp\/v2\/media\/39705"}],"wp:attachment":[{"href":"https:\/\/smartproductsonline.nl\/de\/wp-json\/wp\/v2\/media?parent=30172"}],"wp:term":[{"taxonomy":"product_brand","embeddable":true,"href":"https:\/\/smartproductsonline.nl\/de\/wp-json\/wp\/v2\/product_brand?post=30172"},{"taxonomy":"product_cat","embeddable":true,"href":"https:\/\/smartproductsonline.nl\/de\/wp-json\/wp\/v2\/product_cat?post=30172"},{"taxonomy":"product_tag","embeddable":true,"href":"https:\/\/smartproductsonline.nl\/de\/wp-json\/wp\/v2\/product_tag?post=30172"}],"curies":[{"name":"wp","href":"https:\/\/api.w.org\/{rel}","templated":true}]}}