{"id":28239,"date":"2021-08-02T10:36:20","date_gmt":"2021-08-02T08:36:20","guid":{"rendered":"https:\/\/smartproductsonline.nl\/product\/3-hosen-knopf-gummizuege-keine-eng-anliegenden-hosen-mehr\/"},"modified":"2023-02-17T18:54:51","modified_gmt":"2023-02-17T17:54:51","slug":"3-hosen-knopf-gummizuege-keine-eng-anliegenden-hosen-mehr","status":"publish","type":"product","link":"https:\/\/smartproductsonline.nl\/de\/produkt\/3-hosen-knopf-gummizuege-keine-eng-anliegenden-hosen-mehr\/","title":{"rendered":"5 Hosenknopfgummis, keine eng anliegenden Hosen mehr!"},"content":{"rendered":"<div class=\"wpb-content-wrapper\">[vc_row][vc_column][vc_column_text]<strong>Unser Bestseller:<\/strong><\/p>\n<ul>\n<li>Sehr einfach zu bedienen. Sie platzieren Ihr Knopfgummiband ohne N\u00e4hen an Ihrer Hose.<\/li>\n<li>Sie haken die blaue Schlaufe einfach an Ihren vorhandenen Hosenknopf<\/li>\n<li>Der Knopf am Gummizug kommt dann durch das vorhandene Knopfloch Ihrer Hose<\/li>\n<li>Das ist von au\u00dfen nicht sichtbar.<\/li>\n<li>Passend f\u00fcr alle Arten von Hosen: M\u00e4nner, Frauen, Teenager und Kinder<\/li>\n<li>Spart Geld. Du sparst dir den Kauf einer neuen Hose, weil die jetzige zu klein ist.<\/li>\n<li>Der Hosenknopf ist in kupfer- und\/oder silberfarben erh\u00e4ltlich<\/li>\n<\/ul>\n<p><strong>Einschlie\u00dflich<\/strong><br \/>\n\u2022 Set Hosenknopfgummis mit silber- oder kupferfarbenen Kn\u00f6pfen oder einer Kombination aus Silber und Kupfer<br \/>\n\u2022 Das blaue Gummiband ist bereits an jedem Knopf befestigt; Text auf dem Knopf ist sowohl in Silber als auch in Kupfer: &#8222;Fashion Jeans&#8220;<br \/>\n\u2022 Kostenlose Lieferung in ganz Europa. Wir liefern immer direkt aus unserem Lager in den Niederlanden; sehr schnelle Lieferung.<\/p>\n<p><strong>Spezifikationen<\/strong><br \/>\n\u2022 Material: Metall, Kunststoff<br \/>\n\u2022 Farbe: Silber- und\/oder kupferfarbener Knopf, blaues Gummiband<br \/>\n\u2022 L\u00e4nge: 3,5 cm<br \/>\n\u2022 Knopfdurchmesser: 1,1 cm<br \/>\n\u2022 Gewicht: 2 Gramm<br \/>\n\u2022 Dehnbarkeit des Gummizugs: Bis zu 5 cm<\/p>\n<p><strong>Preise<\/strong><\/p>\n<ul>\n<li>5 St\u00fcck kupferfarben 9,95<\/li>\n<li>5 St\u00fcck silberfarben 9,95<\/li>\n<li>3 kupferfarbene St\u00fccke plus 3 silberfarbene 10,95<\/li>\n<li>6 St\u00fcck kupferfarben 10,95<\/li>\n<li>6 St\u00fcck silberfarben 10,95<\/li>\n<li>10 St\u00fcck kupferfarben 14,29<\/li>\n<li>10 St\u00fcck silberfarben 14,29<\/li>\n<li>5 St\u00fcck Kupfer plus 5 St\u00fcck silberfarben 14.29<\/li>\n<li>20 St\u00fcck kupferfarben 19,79<\/li>\n<li>20 St\u00fcck silberfarben 19,79<\/li>\n<li>10 Kupferst\u00fccke plus 10 silberfarbene 19,79<\/li>\n<\/ul>\n[\/vc_column_text][\/vc_column][\/vc_row]\n<\/div>","protected":false},"excerpt":{"rendered":"<p>Geben Sie Ihrer Hose bis zu 5 Zentimeter extra bequemen Platz um Ihre Taille. Dank dieses smarten Hosenknopfgummis m\u00fcssen Sie keine neue Hose kaufen. Einfach mit dem Gummiband an Ihrem aktuellen Hosenknopf befestigen. Sie haben bereits ein Set mit 5 Hosenknopfgummis f\u00fcr 9,95 und werden kostenlos zugeschickt.<\/p>\n<p>Wenn Sie mehr als 5 St\u00fcck kaufen, werden die Hosenknopfgummis pro St\u00fcck g\u00fcnstiger.<\/p>\n<ul>\n<li>5 St\u00fcck kupferfarben 9,95<\/li>\n<li>5 St\u00fcck silberfarben 9,95<\/li>\n<li>3 kupferfarbene St\u00fccke plus 3 silberfarbene 10,95<\/li>\n<li>6 St\u00fcck kupferfarben 10,95<\/li>\n<li>6 St\u00fcck silberfarben 10,95<\/li>\n<li>5 St\u00fcck Kupfer plus 5 St\u00fcck silberfarben 14.29<\/li>\n<li>10 St\u00fcck kupfer- oder silberfarben 14.29<\/li>\n<li>20 St\u00fcck Kupfer, Silber oder Kombination 19,79<\/li>\n<\/ul>\n","protected":false},"featured_media":26124,"template":"","meta":[],"product_brand":[],"product_cat":[1006,1007,1008],"product_tag":[],"class_list":{"0":"post-28239","1":"product","2":"type-product","3":"status-publish","4":"has-post-thumbnail","6":"product_cat-alle-produkte","7":"product_cat-bestseller","8":"product_cat-gadgets-de-2","9":"entry","10":"has-media","12":"first","13":"instock","14":"featured","15":"taxable","16":"shipping-taxable","17":"purchasable","18":"product-type-variable"},"yoast_head":"<!-- This site is optimized with the Yoast SEO plugin v26.8 - https:\/\/yoast.com\/product\/yoast-seo-wordpress\/ -->\n<title>5 Hosenknopfgummis, keine eng anliegenden Hosen mehr! - Smartproductsonline<\/title>\n<meta name=\"description\" content=\"Geben Sie Ihrer Hose schnell bis zu 5 Zentimeter extra bequemen Platz um Ihre Taille. Super einfach auf Ihrem Knoten zu platzieren.\" \/>\n<meta name=\"robots\" content=\"index, follow, max-snippet:-1, max-image-preview:large, max-video-preview:-1\" \/>\n<link rel=\"canonical\" href=\"https:\/\/smartproductsonline.nl\/de\/produkt\/3-hosen-knopf-gummizuege-keine-eng-anliegenden-hosen-mehr\/\" \/>\n<meta property=\"og:locale\" content=\"de_DE\" \/>\n<meta property=\"og:type\" content=\"article\" \/>\n<meta property=\"og:title\" content=\"5 Hosenknopfgummis, keine eng anliegenden Hosen mehr! - Smartproductsonline\" \/>\n<meta property=\"og:description\" content=\"Geben Sie Ihrer Hose schnell bis zu 5 Zentimeter extra bequemen Platz um Ihre Taille. Super einfach auf Ihrem Knoten zu platzieren.\" \/>\n<meta property=\"og:url\" content=\"https:\/\/smartproductsonline.nl\/de\/produkt\/3-hosen-knopf-gummizuege-keine-eng-anliegenden-hosen-mehr\/\" \/>\n<meta property=\"og:site_name\" content=\"Smartproductsonline\" \/>\n<meta property=\"article:modified_time\" content=\"2023-02-17T17:54:51+00:00\" \/>\n<meta property=\"og:image\" content=\"https:\/\/smartproductsonline.nl\/wp-content\/uploads\/2021\/08\/10.1-1.jpg\" \/>\n\t<meta property=\"og:image:width\" content=\"600\" \/>\n\t<meta property=\"og:image:height\" content=\"600\" \/>\n\t<meta property=\"og:image:type\" content=\"image\/jpeg\" \/>\n<meta name=\"twitter:card\" content=\"summary_large_image\" \/>\n<meta name=\"twitter:label1\" content=\"Gesch\u00e4tzte Lesezeit\" \/>\n\t<meta name=\"twitter:data1\" content=\"1\u00a0Minute\" \/>\n<script type=\"application\/ld+json\" class=\"yoast-schema-graph\">{\"@context\":\"https:\/\/schema.org\",\"@graph\":[{\"@type\":\"WebPage\",\"@id\":\"https:\/\/smartproductsonline.nl\/de\/produkt\/3-hosen-knopf-gummizuege-keine-eng-anliegenden-hosen-mehr\/\",\"url\":\"https:\/\/smartproductsonline.nl\/de\/produkt\/3-hosen-knopf-gummizuege-keine-eng-anliegenden-hosen-mehr\/\",\"name\":\"5 Hosenknopfgummis, keine eng anliegenden Hosen mehr! - Smartproductsonline\",\"isPartOf\":{\"@id\":\"https:\/\/smartproductsonline.nl\/de\/#website\"},\"primaryImageOfPage\":{\"@id\":\"https:\/\/smartproductsonline.nl\/de\/produkt\/3-hosen-knopf-gummizuege-keine-eng-anliegenden-hosen-mehr\/#primaryimage\"},\"image\":{\"@id\":\"https:\/\/smartproductsonline.nl\/de\/produkt\/3-hosen-knopf-gummizuege-keine-eng-anliegenden-hosen-mehr\/#primaryimage\"},\"thumbnailUrl\":\"https:\/\/smartproductsonline.nl\/wp-content\/uploads\/2021\/08\/10.1-1.jpg\",\"datePublished\":\"2021-08-02T08:36:20+00:00\",\"dateModified\":\"2023-02-17T17:54:51+00:00\",\"description\":\"Geben Sie Ihrer Hose schnell bis zu 5 Zentimeter extra bequemen Platz um Ihre Taille. Super einfach auf Ihrem Knoten zu platzieren.\",\"breadcrumb\":{\"@id\":\"https:\/\/smartproductsonline.nl\/de\/produkt\/3-hosen-knopf-gummizuege-keine-eng-anliegenden-hosen-mehr\/#breadcrumb\"},\"inLanguage\":\"de\",\"potentialAction\":[{\"@type\":\"ReadAction\",\"target\":[\"https:\/\/smartproductsonline.nl\/de\/produkt\/3-hosen-knopf-gummizuege-keine-eng-anliegenden-hosen-mehr\/\"]}]},{\"@type\":\"ImageObject\",\"inLanguage\":\"de\",\"@id\":\"https:\/\/smartproductsonline.nl\/de\/produkt\/3-hosen-knopf-gummizuege-keine-eng-anliegenden-hosen-mehr\/#primaryimage\",\"url\":\"https:\/\/smartproductsonline.nl\/wp-content\/uploads\/2021\/08\/10.1-1.jpg\",\"contentUrl\":\"https:\/\/smartproductsonline.nl\/wp-content\/uploads\/2021\/08\/10.1-1.jpg\",\"width\":600,\"height\":600},{\"@type\":\"BreadcrumbList\",\"@id\":\"https:\/\/smartproductsonline.nl\/de\/produkt\/3-hosen-knopf-gummizuege-keine-eng-anliegenden-hosen-mehr\/#breadcrumb\",\"itemListElement\":[{\"@type\":\"ListItem\",\"position\":1,\"name\":\"Home\",\"item\":\"https:\/\/smartproductsonline.nl\/de\/\"},{\"@type\":\"ListItem\",\"position\":2,\"name\":\"Gesch\u00e4ft\",\"item\":\"https:\/\/smartproductsonline.nl\/winkel\/\"},{\"@type\":\"ListItem\",\"position\":3,\"name\":\"5 Hosenknopfgummis, keine eng anliegenden Hosen mehr!\"}]},{\"@type\":\"WebSite\",\"@id\":\"https:\/\/smartproductsonline.nl\/de\/#website\",\"url\":\"https:\/\/smartproductsonline.nl\/de\/\",\"name\":\"Smartproductsonline\",\"description\":\"Slimme producten die je leven makkelijker maken\",\"publisher\":{\"@id\":\"https:\/\/smartproductsonline.nl\/de\/#organization\"},\"potentialAction\":[{\"@type\":\"SearchAction\",\"target\":{\"@type\":\"EntryPoint\",\"urlTemplate\":\"https:\/\/smartproductsonline.nl\/de\/?s={search_term_string}\"},\"query-input\":{\"@type\":\"PropertyValueSpecification\",\"valueRequired\":true,\"valueName\":\"search_term_string\"}}],\"inLanguage\":\"de\"},{\"@type\":\"Organization\",\"@id\":\"https:\/\/smartproductsonline.nl\/de\/#organization\",\"name\":\"Smartproductsonline\",\"url\":\"https:\/\/smartproductsonline.nl\/de\/\",\"logo\":{\"@type\":\"ImageObject\",\"inLanguage\":\"de\",\"@id\":\"https:\/\/smartproductsonline.nl\/de\/#\/schema\/logo\/image\/\",\"url\":\"https:\/\/smartproductsonline.nl\/wp-content\/uploads\/2021\/08\/Logo-2.png\",\"contentUrl\":\"https:\/\/smartproductsonline.nl\/wp-content\/uploads\/2021\/08\/Logo-2.png\",\"width\":250,\"height\":75,\"caption\":\"Smartproductsonline\"},\"image\":{\"@id\":\"https:\/\/smartproductsonline.nl\/de\/#\/schema\/logo\/image\/\"}}]}<\/script>\n<!-- \/ Yoast SEO plugin. -->","yoast_head_json":{"title":"5 Hosenknopfgummis, keine eng anliegenden Hosen mehr! - Smartproductsonline","description":"Geben Sie Ihrer Hose schnell bis zu 5 Zentimeter extra bequemen Platz um Ihre Taille. Super einfach auf Ihrem Knoten zu platzieren.","robots":{"index":"index","follow":"follow","max-snippet":"max-snippet:-1","max-image-preview":"max-image-preview:large","max-video-preview":"max-video-preview:-1"},"canonical":"https:\/\/smartproductsonline.nl\/de\/produkt\/3-hosen-knopf-gummizuege-keine-eng-anliegenden-hosen-mehr\/","og_locale":"de_DE","og_type":"article","og_title":"5 Hosenknopfgummis, keine eng anliegenden Hosen mehr! - Smartproductsonline","og_description":"Geben Sie Ihrer Hose schnell bis zu 5 Zentimeter extra bequemen Platz um Ihre Taille. Super einfach auf Ihrem Knoten zu platzieren.","og_url":"https:\/\/smartproductsonline.nl\/de\/produkt\/3-hosen-knopf-gummizuege-keine-eng-anliegenden-hosen-mehr\/","og_site_name":"Smartproductsonline","article_modified_time":"2023-02-17T17:54:51+00:00","og_image":[{"width":600,"height":600,"url":"https:\/\/smartproductsonline.nl\/wp-content\/uploads\/2021\/08\/10.1-1.jpg","type":"image\/jpeg"}],"twitter_card":"summary_large_image","twitter_misc":{"Gesch\u00e4tzte Lesezeit":"1\u00a0Minute"},"schema":{"@context":"https:\/\/schema.org","@graph":[{"@type":"WebPage","@id":"https:\/\/smartproductsonline.nl\/de\/produkt\/3-hosen-knopf-gummizuege-keine-eng-anliegenden-hosen-mehr\/","url":"https:\/\/smartproductsonline.nl\/de\/produkt\/3-hosen-knopf-gummizuege-keine-eng-anliegenden-hosen-mehr\/","name":"5 Hosenknopfgummis, keine eng anliegenden Hosen mehr! - Smartproductsonline","isPartOf":{"@id":"https:\/\/smartproductsonline.nl\/de\/#website"},"primaryImageOfPage":{"@id":"https:\/\/smartproductsonline.nl\/de\/produkt\/3-hosen-knopf-gummizuege-keine-eng-anliegenden-hosen-mehr\/#primaryimage"},"image":{"@id":"https:\/\/smartproductsonline.nl\/de\/produkt\/3-hosen-knopf-gummizuege-keine-eng-anliegenden-hosen-mehr\/#primaryimage"},"thumbnailUrl":"https:\/\/smartproductsonline.nl\/wp-content\/uploads\/2021\/08\/10.1-1.jpg","datePublished":"2021-08-02T08:36:20+00:00","dateModified":"2023-02-17T17:54:51+00:00","description":"Geben Sie Ihrer Hose schnell bis zu 5 Zentimeter extra bequemen Platz um Ihre Taille. Super einfach auf Ihrem Knoten zu platzieren.","breadcrumb":{"@id":"https:\/\/smartproductsonline.nl\/de\/produkt\/3-hosen-knopf-gummizuege-keine-eng-anliegenden-hosen-mehr\/#breadcrumb"},"inLanguage":"de","potentialAction":[{"@type":"ReadAction","target":["https:\/\/smartproductsonline.nl\/de\/produkt\/3-hosen-knopf-gummizuege-keine-eng-anliegenden-hosen-mehr\/"]}]},{"@type":"ImageObject","inLanguage":"de","@id":"https:\/\/smartproductsonline.nl\/de\/produkt\/3-hosen-knopf-gummizuege-keine-eng-anliegenden-hosen-mehr\/#primaryimage","url":"https:\/\/smartproductsonline.nl\/wp-content\/uploads\/2021\/08\/10.1-1.jpg","contentUrl":"https:\/\/smartproductsonline.nl\/wp-content\/uploads\/2021\/08\/10.1-1.jpg","width":600,"height":600},{"@type":"BreadcrumbList","@id":"https:\/\/smartproductsonline.nl\/de\/produkt\/3-hosen-knopf-gummizuege-keine-eng-anliegenden-hosen-mehr\/#breadcrumb","itemListElement":[{"@type":"ListItem","position":1,"name":"Home","item":"https:\/\/smartproductsonline.nl\/de\/"},{"@type":"ListItem","position":2,"name":"Gesch\u00e4ft","item":"https:\/\/smartproductsonline.nl\/winkel\/"},{"@type":"ListItem","position":3,"name":"5 Hosenknopfgummis, keine eng anliegenden Hosen mehr!"}]},{"@type":"WebSite","@id":"https:\/\/smartproductsonline.nl\/de\/#website","url":"https:\/\/smartproductsonline.nl\/de\/","name":"Smartproductsonline","description":"Slimme producten die je leven makkelijker maken","publisher":{"@id":"https:\/\/smartproductsonline.nl\/de\/#organization"},"potentialAction":[{"@type":"SearchAction","target":{"@type":"EntryPoint","urlTemplate":"https:\/\/smartproductsonline.nl\/de\/?s={search_term_string}"},"query-input":{"@type":"PropertyValueSpecification","valueRequired":true,"valueName":"search_term_string"}}],"inLanguage":"de"},{"@type":"Organization","@id":"https:\/\/smartproductsonline.nl\/de\/#organization","name":"Smartproductsonline","url":"https:\/\/smartproductsonline.nl\/de\/","logo":{"@type":"ImageObject","inLanguage":"de","@id":"https:\/\/smartproductsonline.nl\/de\/#\/schema\/logo\/image\/","url":"https:\/\/smartproductsonline.nl\/wp-content\/uploads\/2021\/08\/Logo-2.png","contentUrl":"https:\/\/smartproductsonline.nl\/wp-content\/uploads\/2021\/08\/Logo-2.png","width":250,"height":75,"caption":"Smartproductsonline"},"image":{"@id":"https:\/\/smartproductsonline.nl\/de\/#\/schema\/logo\/image\/"}}]}},"_links":{"self":[{"href":"https:\/\/smartproductsonline.nl\/de\/wp-json\/wp\/v2\/product\/28239","targetHints":{"allow":["GET"]}}],"collection":[{"href":"https:\/\/smartproductsonline.nl\/de\/wp-json\/wp\/v2\/product"}],"about":[{"href":"https:\/\/smartproductsonline.nl\/de\/wp-json\/wp\/v2\/types\/product"}],"wp:featuredmedia":[{"embeddable":true,"href":"https:\/\/smartproductsonline.nl\/de\/wp-json\/wp\/v2\/media\/26124"}],"wp:attachment":[{"href":"https:\/\/smartproductsonline.nl\/de\/wp-json\/wp\/v2\/media?parent=28239"}],"wp:term":[{"taxonomy":"product_brand","embeddable":true,"href":"https:\/\/smartproductsonline.nl\/de\/wp-json\/wp\/v2\/product_brand?post=28239"},{"taxonomy":"product_cat","embeddable":true,"href":"https:\/\/smartproductsonline.nl\/de\/wp-json\/wp\/v2\/product_cat?post=28239"},{"taxonomy":"product_tag","embeddable":true,"href":"https:\/\/smartproductsonline.nl\/de\/wp-json\/wp\/v2\/product_tag?post=28239"}],"curies":[{"name":"wp","href":"https:\/\/api.w.org\/{rel}","templated":true}]}}