{"id":29867,"date":"2020-07-01T12:00:32","date_gmt":"2020-07-01T10:00:32","guid":{"rendered":"https:\/\/smartproductsonline.nl\/ueber-uns\/"},"modified":"2023-02-17T18:40:48","modified_gmt":"2023-02-17T17:40:48","slug":"ueber-uns","status":"publish","type":"page","link":"https:\/\/smartproductsonline.nl\/de\/ueber-uns\/","title":{"rendered":"\u00dcber uns"},"content":{"rendered":"<div class=\"wpb-content-wrapper\">[vc_row full_width=&#8220;stretch_row&#8220; content_placement=&#8220;middle&#8220; css=&#8220;.vc_custom_1627634531835{margin-bottom: 80px !important;background-image: url(https:\/\/smartproductsonline.nl\/wp-content\/uploads\/2021\/07\/18-3.jpg?id=23419) !important;background-position: center !important;background-repeat: no-repeat !important;background-size: cover !important;}&#8220; min_height=&#8220;450px&#8220; wpex_bg_position=&#8220;center center&#8220;][vc_column width=&#8220;1\/2&#8243;]<style>.vcex-heading.vcex_69e89d28ce95d{color:#ffffff;font-size:55px;font-weight:800;}@media (max-width:479px){.vcex-heading.vcex_69e89d28ce95d{font-size:30px;}}<\/style><h1 class=\"vcex-heading vcex-heading-plain vcex-module wpex-heading wpex-text-2xl wpex-h1 vc_custom_1630308400403 vcex_69e89d28ce95d\"><span class=\"vcex-heading-inner wpex-inline-block\">smartproductsonline.nl<\/span><\/h1><style>.vcex-heading.vcex_69e89d28cfc86{color:#ffffff;font-size:24px;font-weight:500;line-height:0.8;}@media (max-width:479px){.vcex-heading.vcex_69e89d28cfc86{font-size:18px;}}<\/style><span class=\"vcex-heading vcex-heading-plain vcex-module wpex-heading wpex-text-2xl wpex-span vcex_69e89d28cfc86\"><span class=\"vcex-heading-inner wpex-inline-block\">\u00dcber uns<\/span><\/span>[\/vc_column][vc_column width=&#8220;1\/2&#8243;][\/vc_column][\/vc_row][vc_row css=&#8220;.vc_custom_1627635030863{margin-bottom: 60px !important;}&#8220;][vc_column width=&#8220;2\/3&#8243;][vc_column_text]<strong><em>Smartproductsonline.nl<\/em><\/strong><\/p>\n<p>Wir wollen Menschen mit einzigartigen, smarten Produkten gl\u00fccklich machen. Wir bieten eine \u00fcberraschende Auswahl an Artikeln mit einzigartigen Produkteigenschaften. Smarte Produkte und praktische Gadgets f\u00fcr im und ums Haus zu erschwinglichen Preisen. Daf\u00fcr suchen wir kontinuierlich nach den neusten Trends und den neusten smarten Produkten.<\/p>\n<p><strong><em>Alles auf Lager<\/em><\/strong><\/p>\n<p>Wir liefern immer direkt aus unserem Lager in der N\u00e4he von Haarlem in den Niederlanden. Wir haben bereits alle unsere Produkte auf Lager. Wir glauben absolut nicht an Dropshipping, bei dem Sie wochenlang auf Ihr Produkt aus einem anderen Land warten m\u00fcssen, dies tr\u00e4gt nicht zu unserem Ziel bei, Menschen gl\u00fccklich zu machen.<\/p>\n<p>Wir versenden unsere Produkte immer versandkostenfrei an unsere Kunden in ganz Europa. Sp\u00e4testens <strong> innerhalb von 5 Werktagen<\/strong> nachdem Sie Ihre Bestellung aufgegeben haben, erhalten Sie die Bestellung in Ihrem Postfach.<\/p>\n<p><strong><em>Ausreichend Bedenk- und R\u00fcckkehrzeit<\/em><\/strong><\/p>\n<p>Wir sind fest von dem guten Preis-Leistungs-Verh\u00e4ltnis unserer Produkte \u00fcberzeugt und geben all unseren Produkten eine Reflektions- und R\u00fcckgabezeit von <strong> 100 Tage<\/strong>.<\/p>\n<p><strong><em>Fair und Markt <\/em><\/strong><\/p>\n<p>Wir sind regelm\u00e4\u00dfig auf einer Fair oder Markt in den Niederlanden. Wir zeigen unsere Produkte und sprechen direkt mit unseren Kunden, um sie zu fragen, nach welchen neuen Produkten sie suchen, damit wir immer etwas Neues zu bieten haben. Willst du uns auch treffen? Im kommenden Jahr 2023 werden wir mit unseren smarten Gadgets und einzigartigen Produkten in folgenden M\u00e4rkten pr\u00e4sent sein:<\/p>\n<ul>\n<li>Markt am Koemarkt in Purmerend<\/li>\n<li>Lock &amp; Br\u00fcgge-Markt in Weesp<\/li>\n<li>Jahrmarkt in Loosdrecht<\/li>\n<li>Jahrmarkt in Loenen aan de Vecht<\/li>\n<li>Markt von Santpoort<\/li>\n<\/ul>\n<p><strong><em>Kundendienst<\/em><\/strong><\/p>\n<p>Unser Kundendienst ist 7 Tage die Woche erreichbar und antwortet immer innerhalb von 24 Stunden auf eine Frage: info@smartproductsonline.nl<\/p>\n<p>Wir w\u00fcnschen Ihnen viel Spa\u00df mit unseren Produkten!<br \/>\nDas Team von Smartproductsonline.nl[\/vc_column_text][\/vc_column][vc_column width=&#8220;1\/3&#8243;][\/vc_column][\/vc_row]\n<\/div>","protected":false},"excerpt":{"rendered":"<p>[vc_row full_width=&#8220;stretch_row&#8220; content_placement=&#8220;middle&#8220; css=&#8220;.vc_custom_1627634531835{margin-bottom: 80px !important;background-image: url(https:\/\/smartproductsonline.nl\/wp-content\/uploads\/2021\/07\/18-3.jpg?id=23419) !important;background-position: center !important;background-repeat: no-repeat !important;background-size: cover !important;}&#8220; min_height=&#8220;450px&#8220; wpex_bg_position=&#8220;center center&#8220;][vc_column width=&#8220;1\/2&#8243;][\/vc_column][vc_column width=&#8220;1\/2&#8243;][\/vc_column][\/vc_row][vc_row css=&#8220;.vc_custom_1627635030863{margin-bottom: 60px !important;}&#8220;][vc_column width=&#8220;2\/3&#8243;][vc_column_text]Smartproductsonline.nl Wir wollen Menschen mit einzigartigen, smarten Produkten gl\u00fccklich machen. Wir bieten eine \u00fcberraschende Auswahl an Artikeln mit einzigartigen Produkteigenschaften. Smarte Produkte und praktische Gadgets f\u00fcr im und ums Haus zu erschwinglichen Preisen.&hellip;<\/p>\n","protected":false},"author":3,"featured_media":0,"parent":0,"menu_order":0,"comment_status":"closed","ping_status":"closed","template":"","meta":{"footnotes":""},"class_list":["post-29867","page","type-page","status-publish","hentry","entry","no-media"],"yoast_head":"<!-- This site is optimized with the Yoast SEO plugin v26.8 - https:\/\/yoast.com\/product\/yoast-seo-wordpress\/ -->\n<title>\u00dcber uns - Smartproductsonline<\/title>\n<meta name=\"robots\" content=\"index, follow, max-snippet:-1, max-image-preview:large, max-video-preview:-1\" \/>\n<link rel=\"canonical\" href=\"https:\/\/smartproductsonline.nl\/de\/ueber-uns\/\" \/>\n<meta property=\"og:locale\" content=\"de_DE\" \/>\n<meta property=\"og:type\" content=\"article\" \/>\n<meta property=\"og:title\" content=\"\u00dcber uns - Smartproductsonline\" \/>\n<meta property=\"og:description\" content=\"[vc_row full_width=&#8220;stretch_row&#8220; content_placement=&#8220;middle&#8220; css=&#8220;.vc_custom_1627634531835{margin-bottom: 80px !important;background-image: url(https:\/\/smartproductsonline.nl\/wp-content\/uploads\/2021\/07\/18-3.jpg?id=23419) !important;background-position: center !important;background-repeat: no-repeat !important;background-size: cover !important;}&#8220; min_height=&#8220;450px&#8220; wpex_bg_position=&#8220;center center&#8220;][vc_column width=&#8220;1\/2&#8243;][\/vc_column][vc_column width=&#8220;1\/2&#8243;][\/vc_column][\/vc_row][vc_row css=&#8220;.vc_custom_1627635030863{margin-bottom: 60px !important;}&#8220;][vc_column width=&#8220;2\/3&#8243;][vc_column_text]Smartproductsonline.nl Wir wollen Menschen mit einzigartigen, smarten Produkten gl\u00fccklich machen. Wir bieten eine \u00fcberraschende Auswahl an Artikeln mit einzigartigen Produkteigenschaften. Smarte Produkte und praktische Gadgets f\u00fcr im und ums Haus zu erschwinglichen Preisen.&hellip;\" \/>\n<meta property=\"og:url\" content=\"https:\/\/smartproductsonline.nl\/de\/ueber-uns\/\" \/>\n<meta property=\"og:site_name\" content=\"Smartproductsonline\" \/>\n<meta property=\"article:modified_time\" content=\"2023-02-17T17:40:48+00:00\" \/>\n<meta name=\"twitter:card\" content=\"summary_large_image\" \/>\n<meta name=\"twitter:label1\" content=\"Gesch\u00e4tzte Lesezeit\" \/>\n\t<meta name=\"twitter:data1\" content=\"2\u00a0Minuten\" \/>\n<script type=\"application\/ld+json\" class=\"yoast-schema-graph\">{\"@context\":\"https:\/\/schema.org\",\"@graph\":[{\"@type\":\"WebPage\",\"@id\":\"https:\/\/smartproductsonline.nl\/de\/ueber-uns\/\",\"url\":\"https:\/\/smartproductsonline.nl\/de\/ueber-uns\/\",\"name\":\"\u00dcber uns - Smartproductsonline\",\"isPartOf\":{\"@id\":\"https:\/\/smartproductsonline.nl\/de\/#website\"},\"datePublished\":\"2020-07-01T10:00:32+00:00\",\"dateModified\":\"2023-02-17T17:40:48+00:00\",\"breadcrumb\":{\"@id\":\"https:\/\/smartproductsonline.nl\/de\/ueber-uns\/#breadcrumb\"},\"inLanguage\":\"de\",\"potentialAction\":[{\"@type\":\"ReadAction\",\"target\":[\"https:\/\/smartproductsonline.nl\/de\/ueber-uns\/\"]}]},{\"@type\":\"BreadcrumbList\",\"@id\":\"https:\/\/smartproductsonline.nl\/de\/ueber-uns\/#breadcrumb\",\"itemListElement\":[{\"@type\":\"ListItem\",\"position\":1,\"name\":\"Home\",\"item\":\"https:\/\/smartproductsonline.nl\/de\/\"},{\"@type\":\"ListItem\",\"position\":2,\"name\":\"\u00dcber uns\"}]},{\"@type\":\"WebSite\",\"@id\":\"https:\/\/smartproductsonline.nl\/de\/#website\",\"url\":\"https:\/\/smartproductsonline.nl\/de\/\",\"name\":\"Smartproductsonline\",\"description\":\"Slimme producten die je leven makkelijker maken\",\"publisher\":{\"@id\":\"https:\/\/smartproductsonline.nl\/de\/#organization\"},\"potentialAction\":[{\"@type\":\"SearchAction\",\"target\":{\"@type\":\"EntryPoint\",\"urlTemplate\":\"https:\/\/smartproductsonline.nl\/de\/?s={search_term_string}\"},\"query-input\":{\"@type\":\"PropertyValueSpecification\",\"valueRequired\":true,\"valueName\":\"search_term_string\"}}],\"inLanguage\":\"de\"},{\"@type\":\"Organization\",\"@id\":\"https:\/\/smartproductsonline.nl\/de\/#organization\",\"name\":\"Smartproductsonline\",\"url\":\"https:\/\/smartproductsonline.nl\/de\/\",\"logo\":{\"@type\":\"ImageObject\",\"inLanguage\":\"de\",\"@id\":\"https:\/\/smartproductsonline.nl\/de\/#\/schema\/logo\/image\/\",\"url\":\"https:\/\/smartproductsonline.nl\/wp-content\/uploads\/2021\/08\/Logo-2.png\",\"contentUrl\":\"https:\/\/smartproductsonline.nl\/wp-content\/uploads\/2021\/08\/Logo-2.png\",\"width\":250,\"height\":75,\"caption\":\"Smartproductsonline\"},\"image\":{\"@id\":\"https:\/\/smartproductsonline.nl\/de\/#\/schema\/logo\/image\/\"}}]}<\/script>\n<!-- \/ Yoast SEO plugin. -->","yoast_head_json":{"title":"\u00dcber uns - Smartproductsonline","robots":{"index":"index","follow":"follow","max-snippet":"max-snippet:-1","max-image-preview":"max-image-preview:large","max-video-preview":"max-video-preview:-1"},"canonical":"https:\/\/smartproductsonline.nl\/de\/ueber-uns\/","og_locale":"de_DE","og_type":"article","og_title":"\u00dcber uns - Smartproductsonline","og_description":"[vc_row full_width=&#8220;stretch_row&#8220; content_placement=&#8220;middle&#8220; css=&#8220;.vc_custom_1627634531835{margin-bottom: 80px !important;background-image: url(https:\/\/smartproductsonline.nl\/wp-content\/uploads\/2021\/07\/18-3.jpg?id=23419) !important;background-position: center !important;background-repeat: no-repeat !important;background-size: cover !important;}&#8220; min_height=&#8220;450px&#8220; wpex_bg_position=&#8220;center center&#8220;][vc_column width=&#8220;1\/2&#8243;][\/vc_column][vc_column width=&#8220;1\/2&#8243;][\/vc_column][\/vc_row][vc_row css=&#8220;.vc_custom_1627635030863{margin-bottom: 60px !important;}&#8220;][vc_column width=&#8220;2\/3&#8243;][vc_column_text]Smartproductsonline.nl Wir wollen Menschen mit einzigartigen, smarten Produkten gl\u00fccklich machen. Wir bieten eine \u00fcberraschende Auswahl an Artikeln mit einzigartigen Produkteigenschaften. Smarte Produkte und praktische Gadgets f\u00fcr im und ums Haus zu erschwinglichen Preisen.&hellip;","og_url":"https:\/\/smartproductsonline.nl\/de\/ueber-uns\/","og_site_name":"Smartproductsonline","article_modified_time":"2023-02-17T17:40:48+00:00","twitter_card":"summary_large_image","twitter_misc":{"Gesch\u00e4tzte Lesezeit":"2\u00a0Minuten"},"schema":{"@context":"https:\/\/schema.org","@graph":[{"@type":"WebPage","@id":"https:\/\/smartproductsonline.nl\/de\/ueber-uns\/","url":"https:\/\/smartproductsonline.nl\/de\/ueber-uns\/","name":"\u00dcber uns - Smartproductsonline","isPartOf":{"@id":"https:\/\/smartproductsonline.nl\/de\/#website"},"datePublished":"2020-07-01T10:00:32+00:00","dateModified":"2023-02-17T17:40:48+00:00","breadcrumb":{"@id":"https:\/\/smartproductsonline.nl\/de\/ueber-uns\/#breadcrumb"},"inLanguage":"de","potentialAction":[{"@type":"ReadAction","target":["https:\/\/smartproductsonline.nl\/de\/ueber-uns\/"]}]},{"@type":"BreadcrumbList","@id":"https:\/\/smartproductsonline.nl\/de\/ueber-uns\/#breadcrumb","itemListElement":[{"@type":"ListItem","position":1,"name":"Home","item":"https:\/\/smartproductsonline.nl\/de\/"},{"@type":"ListItem","position":2,"name":"\u00dcber uns"}]},{"@type":"WebSite","@id":"https:\/\/smartproductsonline.nl\/de\/#website","url":"https:\/\/smartproductsonline.nl\/de\/","name":"Smartproductsonline","description":"Slimme producten die je leven makkelijker maken","publisher":{"@id":"https:\/\/smartproductsonline.nl\/de\/#organization"},"potentialAction":[{"@type":"SearchAction","target":{"@type":"EntryPoint","urlTemplate":"https:\/\/smartproductsonline.nl\/de\/?s={search_term_string}"},"query-input":{"@type":"PropertyValueSpecification","valueRequired":true,"valueName":"search_term_string"}}],"inLanguage":"de"},{"@type":"Organization","@id":"https:\/\/smartproductsonline.nl\/de\/#organization","name":"Smartproductsonline","url":"https:\/\/smartproductsonline.nl\/de\/","logo":{"@type":"ImageObject","inLanguage":"de","@id":"https:\/\/smartproductsonline.nl\/de\/#\/schema\/logo\/image\/","url":"https:\/\/smartproductsonline.nl\/wp-content\/uploads\/2021\/08\/Logo-2.png","contentUrl":"https:\/\/smartproductsonline.nl\/wp-content\/uploads\/2021\/08\/Logo-2.png","width":250,"height":75,"caption":"Smartproductsonline"},"image":{"@id":"https:\/\/smartproductsonline.nl\/de\/#\/schema\/logo\/image\/"}}]}},"_links":{"self":[{"href":"https:\/\/smartproductsonline.nl\/de\/wp-json\/wp\/v2\/pages\/29867","targetHints":{"allow":["GET"]}}],"collection":[{"href":"https:\/\/smartproductsonline.nl\/de\/wp-json\/wp\/v2\/pages"}],"about":[{"href":"https:\/\/smartproductsonline.nl\/de\/wp-json\/wp\/v2\/types\/page"}],"author":[{"embeddable":true,"href":"https:\/\/smartproductsonline.nl\/de\/wp-json\/wp\/v2\/users\/3"}],"replies":[{"embeddable":true,"href":"https:\/\/smartproductsonline.nl\/de\/wp-json\/wp\/v2\/comments?post=29867"}],"version-history":[{"count":0,"href":"https:\/\/smartproductsonline.nl\/de\/wp-json\/wp\/v2\/pages\/29867\/revisions"}],"wp:attachment":[{"href":"https:\/\/smartproductsonline.nl\/de\/wp-json\/wp\/v2\/media?parent=29867"}],"curies":[{"name":"wp","href":"https:\/\/api.w.org\/{rel}","templated":true}]}}